{"id":623,"date":"2024-04-01T13:16:42","date_gmt":"2024-04-01T13:16:42","guid":{"rendered":"https:\/\/dinghyfleet.com\/strona-glowna\/"},"modified":"2025-05-07T14:43:47","modified_gmt":"2025-05-07T14:43:47","slug":"strona-glowna","status":"publish","type":"page","link":"https:\/\/dinghyfleet.com\/pl\/","title":{"rendered":"Strona g\u0142\u00f3wna"},"content":{"rendered":"<section class=\"intro-section js-parent-section bg-video\" id=\"\">\n            <div class=\"background-video-holder\">\n        <video src=\"https:\/\/dinghyfleet.com\/wp-content\/uploads\/2025\/05\/dinghy_slider_v2.mov#t=0.1\" autoplay playsinline loop muted id=\"introVideo\">\n        <\/video>\n      <\/div>\n        <div class=\"container\">\n    <div class=\"content-holder\">\n              <span class=\"up-title\">\n          Wolno\u015b\u0107 na wodzie zaczyna si\u0119 tutaj        <\/span>\n                    <h1>\n          Najlepsze \u0142odzie dost\u0119pne dla ka\u017cdego \u2013 <br \/>\r\npo raz pierwszy z <i>DinghyFleet<\/i>        <\/h1>\n                  <div class=\"intro-section__buttons\">\n        <div class=\"select-coast-tool custom-select only-mobile-view\">\n          <select name=\"select-coast\" id=\"select-coast\" class=\"js-custom-select\">\n            <option value=\"polish\" selected>\n              Polskie wybrze\u017ce            <\/option>\n            <option value=\"dubai\" disabled>\n              Dubai &#8211; wkr\u00f3tce dost\u0119pne            <\/option>\n          <\/select>\n          <svg class=\"custom-select__chevron\" width=\"10\" height=\"6\" viewBox=\"0 0 10 6\" fill=\"none\" xmlns=\"http:\/\/www.w3.org\/2000\/svg\">\n            <path d=\"m9 1.125-3.75 3.75-3.75-3.75\" stroke=\"#fff\" stroke-width=\"1.5\" stroke-linecap=\"round\" stroke-linejoin=\"round\" \/>\n          <\/svg>\n        <\/div>\n              <\/div>\n          <\/div>\n  <\/div>\n      <button type=\"button\" class=\"js-scroll-button intro-section__anchor-link\">\n      <span class=\"icon-arrow-down\"><\/span>\n      <span class=\"hidden\">Scroll down<\/span>\n    <\/button>\n  <\/section>\n\n<div id=\"dinghy-trip\"><\/div>\n","protected":false},"excerpt":{"rendered":"","protected":false},"author":1,"featured_media":0,"parent":0,"menu_order":0,"comment_status":"closed","ping_status":"closed","template":"","meta":{"_acf_changed":false,"content-type":"","inline_featured_image":false,"footnotes":""},"class_list":["post-623","page","type-page","status-publish","hentry"],"acf":[],"_links":{"self":[{"href":"https:\/\/dinghyfleet.com\/pl\/wp-json\/wp\/v2\/pages\/623","targetHints":{"allow":["GET"]}}],"collection":[{"href":"https:\/\/dinghyfleet.com\/pl\/wp-json\/wp\/v2\/pages"}],"about":[{"href":"https:\/\/dinghyfleet.com\/pl\/wp-json\/wp\/v2\/types\/page"}],"author":[{"embeddable":true,"href":"https:\/\/dinghyfleet.com\/pl\/wp-json\/wp\/v2\/users\/1"}],"replies":[{"embeddable":true,"href":"https:\/\/dinghyfleet.com\/pl\/wp-json\/wp\/v2\/comments?post=623"}],"version-history":[{"count":0,"href":"https:\/\/dinghyfleet.com\/pl\/wp-json\/wp\/v2\/pages\/623\/revisions"}],"wp:attachment":[{"href":"https:\/\/dinghyfleet.com\/pl\/wp-json\/wp\/v2\/media?parent=623"}],"curies":[{"name":"wp","href":"https:\/\/api.w.org\/{rel}","templated":true}]}}